{"id":1128,"date":"2025-04-29T17:54:12","date_gmt":"2025-04-29T17:54:12","guid":{"rendered":"https:\/\/modalmore.com\/a-modal\/"},"modified":"2025-09-05T15:55:24","modified_gmt":"2025-09-05T15:55:24","slug":"modal","status":"publish","type":"page","link":"https:\/\/modalmore.com\/es\/modal\/","title":{"rendered":"Modal | Agencia Creativa desde 2009"},"content":{"rendered":"\t\t<div data-elementor-type=\"wp-page\" data-elementor-id=\"1128\" class=\"elementor elementor-1128 elementor-18\" data-elementor-post-type=\"page\">\n\t\t\t\t<div class=\"elementor-element elementor-element-fd28dd3 e-flex e-con-boxed e-con e-parent\" data-id=\"fd28dd3\" data-element_type=\"container\" data-e-type=\"container\">\n\t\t\t\t\t<div class=\"e-con-inner\">\n\t\t<div class=\"elementor-element elementor-element-04d1249 e-con-full e-flex e-con e-child\" data-id=\"04d1249\" data-element_type=\"container\" data-e-type=\"container\" data-settings=\"{&quot;background_background&quot;:&quot;classic&quot;}\">\n\t\t\t\t<div class=\"elementor-element elementor-element-1eb6b75 elementor-widget__width-initial elementor-widget elementor-widget-heading\" data-id=\"1eb6b75\" data-element_type=\"widget\" data-e-type=\"widget\" data-widget_type=\"heading.default\">\n\t\t\t\t<div class=\"elementor-widget-container\">\n\t\t\t\t\t<h1 class=\"elementor-heading-title elementor-size-default\">Impulsamos las marcas\ncon alcance global y experiencia local<\/h1>\t\t\t\t<\/div>\n\t\t\t\t<\/div>\n\t\t\t\t<div class=\"elementor-element elementor-element-ae5705f elementor-widget elementor-widget-text-editor\" data-id=\"ae5705f\" data-element_type=\"widget\" data-e-type=\"widget\" data-widget_type=\"text-editor.default\">\n\t\t\t\t<div class=\"elementor-widget-container\">\n\t\t\t\t\t\t\t\t\t<p>Desde 2009, Modal &amp; More ha estado a la vanguardia de la innovaci\u00f3n en branding y digital,<br>creando estrategias que trascienden fronteras y resuenan globalmente.<\/p>\t\t\t\t\t\t\t\t<\/div>\n\t\t\t\t<\/div>\n\t\t\t\t<div class=\"elementor-element elementor-element-93efb52 elementor-align-center elementor-widget elementor-widget-button\" data-id=\"93efb52\" data-element_type=\"widget\" data-e-type=\"widget\" data-widget_type=\"button.default\">\n\t\t\t\t<div class=\"elementor-widget-container\">\n\t\t\t\t\t\t\t\t\t<div class=\"elementor-button-wrapper\">\n\t\t\t\t\t<a class=\"elementor-button elementor-button-link elementor-size-sm elementor-animation-grow\" href=\"#\">\n\t\t\t\t\t\t<span class=\"elementor-button-content-wrapper\">\n\t\t\t\t\t\t\t\t\t<span class=\"elementor-button-text\">Descubre nuestros proyectos<\/span>\n\t\t\t\t\t<\/span>\n\t\t\t\t\t<\/a>\n\t\t\t\t<\/div>\n\t\t\t\t\t\t\t\t<\/div>\n\t\t\t\t<\/div>\n\t\t\t\t<\/div>\n\t\t\t\t\t<\/div>\n\t\t\t\t<\/div>\n\t\t<div class=\"elementor-element elementor-element-e37270e e-flex e-con-boxed e-con e-parent\" data-id=\"e37270e\" data-element_type=\"container\" data-e-type=\"container\">\n\t\t\t\t\t<div class=\"e-con-inner\">\n\t\t<div class=\"elementor-element elementor-element-79fc5ee e-con-full e-flex e-con e-child\" data-id=\"79fc5ee\" data-element_type=\"container\" data-e-type=\"container\">\n\t\t\t\t<div class=\"elementor-element elementor-element-b14115f elementor-widget elementor-widget-heading\" data-id=\"b14115f\" data-element_type=\"widget\" data-e-type=\"widget\" data-widget_type=\"heading.default\">\n\t\t\t\t<div class=\"elementor-widget-container\">\n\t\t\t\t\t<h2 class=\"elementor-heading-title elementor-size-default\">De los comienzos locales al impacto internacional<\/h2>\t\t\t\t<\/div>\n\t\t\t\t<\/div>\n\t\t\t\t<div class=\"elementor-element elementor-element-fa09cd1 elementor-widget elementor-widget-text-editor\" data-id=\"fa09cd1\" data-element_type=\"widget\" data-e-type=\"widget\" data-widget_type=\"text-editor.default\">\n\t\t\t\t<div class=\"elementor-widget-container\">\n\t\t\t\t\t\t\t\t\t<p>Fundada en Oporto, hemos expandido nuestra presencia por Europa, Sudam\u00e9rica y Asia, ofreciendo una creatividad galardonada y reconocida por l\u00edderes del sector como los Premios Lus\u00f3fonos a la Creatividad.<\/p>\t\t\t\t\t\t\t\t<\/div>\n\t\t\t\t<\/div>\n\t\t\t\t<\/div>\n\t\t<div class=\"elementor-element elementor-element-7c5eb1c e-con-full e-flex elementor-invisible e-con e-child\" data-id=\"7c5eb1c\" data-element_type=\"container\" data-e-type=\"container\" data-settings=\"{&quot;animation&quot;:&quot;slideInRight&quot;}\">\n\t\t\t\t<div class=\"elementor-element elementor-element-aed3431 elementor-widget elementor-widget-image\" data-id=\"aed3431\" data-element_type=\"widget\" data-e-type=\"widget\" data-widget_type=\"image.default\">\n\t\t\t\t<div class=\"elementor-widget-container\">\n\t\t\t\t\t\t\t\t\t\t\t\t\t\t\t<img fetchpriority=\"high\" decoding=\"async\" width=\"588\" height=\"441\" src=\"https:\/\/modalmore.com\/wp-content\/uploads\/2025\/05\/Picture-\u2192-rsw_1280h_875-9.png\" class=\"attachment-full size-full wp-image-1131\" alt=\"\" srcset=\"https:\/\/modalmore.com\/wp-content\/uploads\/2025\/05\/Picture-\u2192-rsw_1280h_875-9.png 588w, https:\/\/modalmore.com\/wp-content\/uploads\/2025\/05\/Picture-\u2192-rsw_1280h_875-9-300x225.png 300w\" sizes=\"(max-width: 588px) 100vw, 588px\" \/>\t\t\t\t\t\t\t\t\t\t\t\t\t\t\t<\/div>\n\t\t\t\t<\/div>\n\t\t\t\t<\/div>\n\t\t\t\t\t<\/div>\n\t\t\t\t<\/div>\n\t\t<div class=\"elementor-element elementor-element-2194baf e-flex e-con-boxed e-con e-parent\" data-id=\"2194baf\" data-element_type=\"container\" data-e-type=\"container\">\n\t\t\t\t\t<div class=\"e-con-inner\">\n\t\t<div class=\"elementor-element elementor-element-f4dd31a e-con-full e-flex elementor-invisible e-con e-child\" data-id=\"f4dd31a\" data-element_type=\"container\" data-e-type=\"container\" data-settings=\"{&quot;animation&quot;:&quot;slideInLeft&quot;}\">\n\t\t\t\t<div class=\"elementor-element elementor-element-bb077fb elementor-widget elementor-widget-image\" data-id=\"bb077fb\" data-element_type=\"widget\" data-e-type=\"widget\" data-widget_type=\"image.default\">\n\t\t\t\t<div class=\"elementor-widget-container\">\n\t\t\t\t\t\t\t\t\t\t\t\t\t\t\t<img decoding=\"async\" width=\"588\" height=\"441\" src=\"https:\/\/modalmore.com\/wp-content\/uploads\/2025\/05\/Picture-\u2192-rsw_1280h_875-10.png\" class=\"attachment-full size-full wp-image-1132\" alt=\"\" srcset=\"https:\/\/modalmore.com\/wp-content\/uploads\/2025\/05\/Picture-\u2192-rsw_1280h_875-10.png 588w, https:\/\/modalmore.com\/wp-content\/uploads\/2025\/05\/Picture-\u2192-rsw_1280h_875-10-300x225.png 300w\" sizes=\"(max-width: 588px) 100vw, 588px\" \/>\t\t\t\t\t\t\t\t\t\t\t\t\t\t\t<\/div>\n\t\t\t\t<\/div>\n\t\t\t\t<\/div>\n\t\t<div class=\"elementor-element elementor-element-d4a65bb e-con-full e-flex e-con e-child\" data-id=\"d4a65bb\" data-element_type=\"container\" data-e-type=\"container\">\n\t\t\t\t<div class=\"elementor-element elementor-element-b1d1048 elementor-widget elementor-widget-heading\" data-id=\"b1d1048\" data-element_type=\"widget\" data-e-type=\"widget\" data-widget_type=\"heading.default\">\n\t\t\t\t<div class=\"elementor-widget-container\">\n\t\t\t\t\t<h2 class=\"elementor-heading-title elementor-size-default\">Orgullosos miembros de la Red de Agencias More<\/h2>\t\t\t\t<\/div>\n\t\t\t\t<\/div>\n\t\t\t\t<div class=\"elementor-element elementor-element-93c82fe elementor-widget elementor-widget-text-editor\" data-id=\"93c82fe\" data-element_type=\"widget\" data-e-type=\"widget\" data-widget_type=\"text-editor.default\">\n\t\t\t\t<div class=\"elementor-widget-container\">\n\t\t\t\t\t\t\t\t\t<p>Como parte de la red More Agencies, colaboramos con los mejores especialistas digitales y en relaciones p\u00fablicas para ofrecer soluciones completas de construcci\u00f3n de marca.<\/p>\t\t\t\t\t\t\t\t<\/div>\n\t\t\t\t<\/div>\n\t\t\t\t<div class=\"elementor-element elementor-element-c6c743a elementor-widget elementor-widget-button\" data-id=\"c6c743a\" data-element_type=\"widget\" data-e-type=\"widget\" data-widget_type=\"button.default\">\n\t\t\t\t<div class=\"elementor-widget-container\">\n\t\t\t\t\t\t\t\t\t<div class=\"elementor-button-wrapper\">\n\t\t\t\t\t<a class=\"elementor-button elementor-button-link elementor-size-sm elementor-animation-grow\" href=\"https:\/\/modalmore.com\/es\/more\/\">\n\t\t\t\t\t\t<span class=\"elementor-button-content-wrapper\">\n\t\t\t\t\t\t\t\t\t<span class=\"elementor-button-text\">M\u00e1s informaci\u00f3n sobre m\u00e1s agencias<\/span>\n\t\t\t\t\t<\/span>\n\t\t\t\t\t<\/a>\n\t\t\t\t<\/div>\n\t\t\t\t\t\t\t\t<\/div>\n\t\t\t\t<\/div>\n\t\t\t\t<\/div>\n\t\t\t\t\t<\/div>\n\t\t\t\t<\/div>\n\t\t<div class=\"elementor-element elementor-element-e8efe57 e-flex e-con-boxed e-con e-parent\" data-id=\"e8efe57\" data-element_type=\"container\" data-e-type=\"container\">\n\t\t\t\t\t<div class=\"e-con-inner\">\n\t\t<div class=\"elementor-element elementor-element-f7f9888 e-con-full e-flex e-con e-child\" data-id=\"f7f9888\" data-element_type=\"container\" data-e-type=\"container\">\n\t\t\t\t<div class=\"elementor-element elementor-element-3048d79 elementor-widget elementor-widget-image\" data-id=\"3048d79\" data-element_type=\"widget\" data-e-type=\"widget\" data-widget_type=\"image.default\">\n\t\t\t\t<div class=\"elementor-widget-container\">\n\t\t\t\t\t\t\t\t\t\t\t\t\t\t\t<img decoding=\"async\" width=\"1232\" height=\"441\" src=\"https:\/\/modalmore.com\/wp-content\/uploads\/2025\/05\/Picture-\u2192-rsw_1280h_875-11.png\" class=\"attachment-full size-full wp-image-1133\" alt=\"\" srcset=\"https:\/\/modalmore.com\/wp-content\/uploads\/2025\/05\/Picture-\u2192-rsw_1280h_875-11.png 1232w, https:\/\/modalmore.com\/wp-content\/uploads\/2025\/05\/Picture-\u2192-rsw_1280h_875-11-300x107.png 300w, https:\/\/modalmore.com\/wp-content\/uploads\/2025\/05\/Picture-\u2192-rsw_1280h_875-11-1024x367.png 1024w, https:\/\/modalmore.com\/wp-content\/uploads\/2025\/05\/Picture-\u2192-rsw_1280h_875-11-768x275.png 768w\" sizes=\"(max-width: 1232px) 100vw, 1232px\" \/>\t\t\t\t\t\t\t\t\t\t\t\t\t\t\t<\/div>\n\t\t\t\t<\/div>\n\t\t<div class=\"elementor-element elementor-element-fdb7ad9 e-con-full e-flex e-con e-child\" data-id=\"fdb7ad9\" data-element_type=\"container\" data-e-type=\"container\">\n\t\t<div class=\"elementor-element elementor-element-8a0693d e-con-full e-flex e-con e-child\" data-id=\"8a0693d\" data-element_type=\"container\" data-e-type=\"container\">\n\t\t\t\t<div class=\"elementor-element elementor-element-cd3df5b elementor-widget elementor-widget-heading\" data-id=\"cd3df5b\" data-element_type=\"widget\" data-e-type=\"widget\" data-widget_type=\"heading.default\">\n\t\t\t\t<div class=\"elementor-widget-container\">\n\t\t\t\t\t<h2 class=\"elementor-heading-title elementor-size-default\">M\u00e1s informaci\u00f3n sobre m\u00e1s agencias<\/h2>\t\t\t\t<\/div>\n\t\t\t\t<\/div>\n\t\t\t\t<div class=\"elementor-element elementor-element-4c9b282 elementor-widget elementor-widget-text-editor\" data-id=\"4c9b282\" data-element_type=\"widget\" data-e-type=\"widget\" data-widget_type=\"text-editor.default\">\n\t\t\t\t<div class=\"elementor-widget-container\">\n\t\t\t\t\t\t\t\t\t<p>Estamos deseando saber de ti. Pasemos de las palabras a los hechos. <\/p>\t\t\t\t\t\t\t\t<\/div>\n\t\t\t\t<\/div>\n\t\t\t\t<\/div>\n\t\t<div class=\"elementor-element elementor-element-7f4b9ce e-con-full e-flex e-con e-child\" data-id=\"7f4b9ce\" data-element_type=\"container\" data-e-type=\"container\">\n\t\t\t\t<div class=\"elementor-element elementor-element-f2ff5a1 elementor-align-right elementor-mobile-align-left elementor-widget elementor-widget-button\" data-id=\"f2ff5a1\" data-element_type=\"widget\" data-e-type=\"widget\" data-widget_type=\"button.default\">\n\t\t\t\t<div class=\"elementor-widget-container\">\n\t\t\t\t\t\t\t\t\t<div class=\"elementor-button-wrapper\">\n\t\t\t\t\t<a class=\"elementor-button elementor-button-link elementor-size-sm elementor-animation-grow\" href=\"https:\/\/modalmore.com\/es\/contactos\/\">\n\t\t\t\t\t\t<span class=\"elementor-button-content-wrapper\">\n\t\t\t\t\t\t\t\t\t<span class=\"elementor-button-text\">Contacta con nosotros<\/span>\n\t\t\t\t\t<\/span>\n\t\t\t\t\t<\/a>\n\t\t\t\t<\/div>\n\t\t\t\t\t\t\t\t<\/div>\n\t\t\t\t<\/div>\n\t\t\t\t<\/div>\n\t\t\t\t<\/div>\n\t\t\t\t<\/div>\n\t\t\t\t\t<\/div>\n\t\t\t\t<\/div>\n\t\t\t\t<\/div>\n\t\t","protected":false},"excerpt":{"rendered":"<p>Impulsamos las marcas con alcance global y experiencia local Desde 2009, Modal &amp; More ha estado a la vanguardia de la innovaci\u00f3n en branding y digital,creando estrategias que trascienden fronteras y resuenan globalmente. Descubre nuestros proyectos De los comienzos locales al impacto internacional Fundada en Oporto, hemos expandido nuestra presencia por Europa, Sudam\u00e9rica y Asia, [&hellip;]<\/p>\n","protected":false},"author":1,"featured_media":0,"parent":0,"menu_order":0,"comment_status":"closed","ping_status":"closed","template":"elementor_header_footer","meta":{"_acf_changed":false,"_modal_schema_jsonld":"{\n  \"@context\": \"https:\/\/schema.org\",\n  \"@graph\": [\n    {\n      \"@type\": \"WebSite\",\n      \"@id\": \"https:\/\/modalmore.com\/#website\",\n      \"url\": \"https:\/\/modalmore.com\/\",\n      \"name\": \"Modal&More\",\n      \"publisher\": {\n        \"@id\": \"https:\/\/modalmore.com\/#organization\"\n      },\n      \"inLanguage\": \"es-ES\"\n    },\n    {\n      \"@type\": \"Organization\",\n      \"@id\": \"https:\/\/modalmore.com\/#organization\",\n      \"name\": \"Modal&More\",\n      \"url\": \"https:\/\/modalmore.com\/\",\n      \"logo\": {\n        \"@type\": \"ImageObject\",\n        \"url\": \"https:\/\/modalmore.com\/path-to-logo.png\"\n      },\n      \"image\": \"https:\/\/modalmore.com\/path-to-logo.png\",\n      \"description\": \"Modal&More es una agencia creativa de marketing enfocada en branding, estrategia digital y crecimiento de marcas en mercados locales y globales.\",\n      \"foundingDate\": \"2009\",\n      \"sameAs\": [\n        \"https:\/\/www.linkedin.com\/company\/modal-more\"\n      ],\n      \"contactPoint\": {\n        \"@type\": \"ContactPoint\",\n        \"contactType\": \"atenci\u00f3n al cliente\",\n        \"telephone\": \"+351223750031\",\n        \"email\": \"letstalk@modalmore.com\",\n        \"availableLanguage\": [\n          \"Espa\u00f1ol\",\n          \"Portugu\u00e9s\",\n          \"Ingl\u00e9s\"\n        ]\n      }\n    },\n    {\n      \"@type\": \"Service\",\n      \"@id\": \"https:\/\/modalmore.com\/#service\",\n      \"name\": \"Marketing, Branding y Estrategia Digital\",\n      \"provider\": {\n        \"@id\": \"https:\/\/modalmore.com\/#organization\"\n      },\n      \"areaServed\": {\n        \"@type\": \"Place\",\n        \"name\": \"Global\"\n      },\n      \"description\": \"Servicios de desarrollo web, SEO, redes sociales, publicidad online, email marketing y producci\u00f3n de contenidos.\"\n    },\n    {\n      \"@type\": \"WebPage\",\n      \"@id\": \"https:\/\/modalmore.com\/es\/modal\/#webpage\",\n      \"url\": \"https:\/\/modalmore.com\/es\/modal\/\",\n      \"name\": \"La Modal \u2014 Sobre Modal&More\",\n      \"description\": \"Descubre La Modal, la visi\u00f3n estrat\u00e9gica de Modal&More que combina creatividad, branding y marketing digital para impulsar marcas globalmente.\",\n      \"isPartOf\": {\n        \"@id\": \"https:\/\/modalmore.com\/#website\"\n      },\n      \"about\": {\n        \"@id\": \"https:\/\/modalmore.com\/#organization\"\n      },\n      \"primaryImageOfPage\": {\n        \"@type\": \"ImageObject\",\n        \"url\": \"https:\/\/modalmore.com\/path-to-hero-image.png\"\n      },\n      \"mainEntity\": {\n        \"@type\": \"CreativeWork\",\n        \"@id\": \"https:\/\/modalmore.com\/es\/modal\/#creativework\",\n        \"headline\": \"La Modal \u2014 visi\u00f3n y enfoque de Modal&More\",\n        \"text\": \"La Modal describe el enfoque de Modal&More para impulsar marcas a trav\u00e9s del branding, el entorno digital y estrategias personalizadas, con presencia global y experiencia local.\",\n        \"author\": {\n          \"@id\": \"https:\/\/modalmore.com\/#organization\"\n        },\n        \"inLanguage\": \"es-ES\"\n      },\n      \"breadcrumb\": {\n        \"@id\": \"https:\/\/modalmore.com\/es\/modal\/#breadcrumb\"\n      },\n      \"inLanguage\": \"es-ES\"\n    },\n    {\n      \"@type\": \"BreadcrumbList\",\n      \"@id\": \"https:\/\/modalmore.com\/es\/modal\/#breadcrumb\",\n      \"itemListElement\": [\n        {\n          \"@type\": \"ListItem\",\n          \"position\": 1,\n          \"name\": \"Inicio\",\n          \"item\": \"https:\/\/modalmore.com\/es\/\"\n        },\n        {\n          \"@type\": \"ListItem\",\n          \"position\": 2,\n          \"name\": \"La Modal\",\n          \"item\": \"https:\/\/modalmore.com\/es\/modal\/\"\n        }\n      ]\n    },\n    {\n      \"@type\": \"DefinedTermSet\",\n      \"@id\": \"https:\/\/modalmore.com\/es\/modal\/#definedterms\",\n      \"name\": \"La Modal \u2014 Conceptos\",\n      \"hasDefinedTerm\": [\n        {\n          \"@type\": \"DefinedTerm\",\n          \"name\": \"Modal\",\n          \"description\": \"La parte de la agencia que representa creatividad, branding y experiencia estrat\u00e9gica.\"\n        },\n        {\n          \"@type\": \"DefinedTerm\",\n          \"name\": \"More\",\n          \"description\": \"La parte de la agencia que representa ejecuci\u00f3n digital, estrategias personalizadas y crecimiento global.\"\n        }\n      ]\n    }\n  ]\n}","footnotes":""},"class_list":["post-1128","page","type-page","status-publish","hentry"],"acf":[],"yoast_head":"<!-- This site is optimized with the Yoast SEO plugin v27.2 - https:\/\/yoast.com\/product\/yoast-seo-wordpress\/ -->\n<title>Modal | Agencia Creativa desde 2009<\/title>\n<meta name=\"description\" content=\"Con m\u00e1s de 15 a\u00f1os de experiencia, Modal desarrolla proyectos de branding, campa\u00f1as digitales y dise\u00f1o estrat\u00e9gico con un impacto real en el mercado.\" \/>\n<meta name=\"robots\" content=\"index, follow, max-snippet:-1, max-image-preview:large, max-video-preview:-1\" \/>\n<link rel=\"canonical\" href=\"https:\/\/modalmore.com\/es\/modal\/\" \/>\n<meta property=\"og:locale\" content=\"es_ES\" \/>\n<meta property=\"og:type\" content=\"article\" \/>\n<meta property=\"og:title\" content=\"Modal | Agencia Creativa desde 2009\" \/>\n<meta property=\"og:description\" content=\"Con m\u00e1s de 15 a\u00f1os de experiencia, Modal desarrolla proyectos de branding, campa\u00f1as digitales y dise\u00f1o estrat\u00e9gico con un impacto real en el mercado.\" \/>\n<meta property=\"og:url\" content=\"https:\/\/modalmore.com\/es\/modal\/\" \/>\n<meta property=\"og:site_name\" content=\"Modal&amp;More\" \/>\n<meta property=\"article:publisher\" content=\"https:\/\/www.facebook.com\/ModalCreativity\" \/>\n<meta property=\"article:modified_time\" content=\"2025-09-05T15:55:24+00:00\" \/>\n<meta property=\"og:image\" content=\"https:\/\/modalmore.com\/wp-content\/uploads\/2025\/06\/ModalMore_MODAL.png\" \/>\n<meta name=\"twitter:card\" content=\"summary_large_image\" \/>\n<meta name=\"twitter:title\" content=\"Modal | Agencia Creativa desde 2009\" \/>\n<meta name=\"twitter:description\" content=\"Con m\u00e1s de 15 a\u00f1os de experiencia, Modal desarrolla proyectos de branding, campa\u00f1as digitales y dise\u00f1o estrat\u00e9gico con un impacto real en el mercado.\" \/>\n<meta name=\"twitter:image\" content=\"https:\/\/modalmore.com\/wp-content\/uploads\/2025\/06\/ModalMore_MODAL.png\" \/>\n<meta name=\"twitter:label1\" content=\"Tiempo de lectura\" \/>\n\t<meta name=\"twitter:data1\" content=\"1 minuto\" \/>\n<script type=\"application\/ld+json\" class=\"yoast-schema-graph\">{\"@context\":\"https:\/\/schema.org\",\"@graph\":[{\"@type\":\"WebPage\",\"@id\":\"https:\/\/modalmore.com\/es\/modal\/\",\"url\":\"https:\/\/modalmore.com\/es\/modal\/\",\"name\":\"Modal | Agencia Creativa desde 2009\",\"isPartOf\":{\"@id\":\"https:\/\/modalmore.com\/es\/#website\"},\"datePublished\":\"2025-04-29T17:54:12+00:00\",\"dateModified\":\"2025-09-05T15:55:24+00:00\",\"description\":\"Con m\u00e1s de 15 a\u00f1os de experiencia, Modal desarrolla proyectos de branding, campa\u00f1as digitales y dise\u00f1o estrat\u00e9gico con un impacto real en el mercado.\",\"breadcrumb\":{\"@id\":\"https:\/\/modalmore.com\/es\/modal\/#breadcrumb\"},\"inLanguage\":\"es\",\"potentialAction\":[{\"@type\":\"ReadAction\",\"target\":[\"https:\/\/modalmore.com\/es\/modal\/\"]}]},{\"@type\":\"BreadcrumbList\",\"@id\":\"https:\/\/modalmore.com\/es\/modal\/#breadcrumb\",\"itemListElement\":[{\"@type\":\"ListItem\",\"position\":1,\"name\":\"In\u00edcio\",\"item\":\"https:\/\/modalmore.com\/es\/\"},{\"@type\":\"ListItem\",\"position\":2,\"name\":\"Modal | Agencia Creativa desde 2009\"}]},{\"@type\":\"WebSite\",\"@id\":\"https:\/\/modalmore.com\/es\/#website\",\"url\":\"https:\/\/modalmore.com\/es\/\",\"name\":\"Modal&More\",\"description\":\"\",\"publisher\":{\"@id\":\"https:\/\/modalmore.com\/es\/#organization\"},\"potentialAction\":[{\"@type\":\"SearchAction\",\"target\":{\"@type\":\"EntryPoint\",\"urlTemplate\":\"https:\/\/modalmore.com\/es\/?s={search_term_string}\"},\"query-input\":{\"@type\":\"PropertyValueSpecification\",\"valueRequired\":true,\"valueName\":\"search_term_string\"}}],\"inLanguage\":\"es\"},{\"@type\":\"Organization\",\"@id\":\"https:\/\/modalmore.com\/es\/#organization\",\"name\":\"Modal&More\",\"url\":\"https:\/\/modalmore.com\/es\/\",\"logo\":{\"@type\":\"ImageObject\",\"inLanguage\":\"es\",\"@id\":\"https:\/\/modalmore.com\/es\/#\/schema\/logo\/image\/\",\"url\":\"https:\/\/modalmore.com\/wp-content\/uploads\/2025\/04\/ModalMore-Logotipo-Branco.png\",\"contentUrl\":\"https:\/\/modalmore.com\/wp-content\/uploads\/2025\/04\/ModalMore-Logotipo-Branco.png\",\"width\":122,\"height\":12,\"caption\":\"Modal&More\"},\"image\":{\"@id\":\"https:\/\/modalmore.com\/es\/#\/schema\/logo\/image\/\"},\"sameAs\":[\"https:\/\/www.facebook.com\/ModalCreativity\",\"https:\/\/www.instagram.com\/modalandmore\/\",\"https:\/\/www.linkedin.com\/company\/modal-more\/\"]}]}<\/script>\n<!-- \/ Yoast SEO plugin. -->","yoast_head_json":{"title":"Modal | Agencia Creativa desde 2009","description":"Con m\u00e1s de 15 a\u00f1os de experiencia, Modal desarrolla proyectos de branding, campa\u00f1as digitales y dise\u00f1o estrat\u00e9gico con un impacto real en el mercado.","robots":{"index":"index","follow":"follow","max-snippet":"max-snippet:-1","max-image-preview":"max-image-preview:large","max-video-preview":"max-video-preview:-1"},"canonical":"https:\/\/modalmore.com\/es\/modal\/","og_locale":"es_ES","og_type":"article","og_title":"Modal | Agencia Creativa desde 2009","og_description":"Con m\u00e1s de 15 a\u00f1os de experiencia, Modal desarrolla proyectos de branding, campa\u00f1as digitales y dise\u00f1o estrat\u00e9gico con un impacto real en el mercado.","og_url":"https:\/\/modalmore.com\/es\/modal\/","og_site_name":"Modal&amp;More","article_publisher":"https:\/\/www.facebook.com\/ModalCreativity","article_modified_time":"2025-09-05T15:55:24+00:00","og_image":[{"url":"https:\/\/modalmore.com\/wp-content\/uploads\/2025\/06\/ModalMore_MODAL.png","type":"","width":"","height":""}],"twitter_card":"summary_large_image","twitter_title":"Modal | Agencia Creativa desde 2009","twitter_description":"Con m\u00e1s de 15 a\u00f1os de experiencia, Modal desarrolla proyectos de branding, campa\u00f1as digitales y dise\u00f1o estrat\u00e9gico con un impacto real en el mercado.","twitter_image":"https:\/\/modalmore.com\/wp-content\/uploads\/2025\/06\/ModalMore_MODAL.png","twitter_misc":{"Tiempo de lectura":"1 minuto"},"schema":{"@context":"https:\/\/schema.org","@graph":[{"@type":"WebPage","@id":"https:\/\/modalmore.com\/es\/modal\/","url":"https:\/\/modalmore.com\/es\/modal\/","name":"Modal | Agencia Creativa desde 2009","isPartOf":{"@id":"https:\/\/modalmore.com\/es\/#website"},"datePublished":"2025-04-29T17:54:12+00:00","dateModified":"2025-09-05T15:55:24+00:00","description":"Con m\u00e1s de 15 a\u00f1os de experiencia, Modal desarrolla proyectos de branding, campa\u00f1as digitales y dise\u00f1o estrat\u00e9gico con un impacto real en el mercado.","breadcrumb":{"@id":"https:\/\/modalmore.com\/es\/modal\/#breadcrumb"},"inLanguage":"es","potentialAction":[{"@type":"ReadAction","target":["https:\/\/modalmore.com\/es\/modal\/"]}]},{"@type":"BreadcrumbList","@id":"https:\/\/modalmore.com\/es\/modal\/#breadcrumb","itemListElement":[{"@type":"ListItem","position":1,"name":"In\u00edcio","item":"https:\/\/modalmore.com\/es\/"},{"@type":"ListItem","position":2,"name":"Modal | Agencia Creativa desde 2009"}]},{"@type":"WebSite","@id":"https:\/\/modalmore.com\/es\/#website","url":"https:\/\/modalmore.com\/es\/","name":"Modal&More","description":"","publisher":{"@id":"https:\/\/modalmore.com\/es\/#organization"},"potentialAction":[{"@type":"SearchAction","target":{"@type":"EntryPoint","urlTemplate":"https:\/\/modalmore.com\/es\/?s={search_term_string}"},"query-input":{"@type":"PropertyValueSpecification","valueRequired":true,"valueName":"search_term_string"}}],"inLanguage":"es"},{"@type":"Organization","@id":"https:\/\/modalmore.com\/es\/#organization","name":"Modal&More","url":"https:\/\/modalmore.com\/es\/","logo":{"@type":"ImageObject","inLanguage":"es","@id":"https:\/\/modalmore.com\/es\/#\/schema\/logo\/image\/","url":"https:\/\/modalmore.com\/wp-content\/uploads\/2025\/04\/ModalMore-Logotipo-Branco.png","contentUrl":"https:\/\/modalmore.com\/wp-content\/uploads\/2025\/04\/ModalMore-Logotipo-Branco.png","width":122,"height":12,"caption":"Modal&More"},"image":{"@id":"https:\/\/modalmore.com\/es\/#\/schema\/logo\/image\/"},"sameAs":["https:\/\/www.facebook.com\/ModalCreativity","https:\/\/www.instagram.com\/modalandmore\/","https:\/\/www.linkedin.com\/company\/modal-more\/"]}]}},"_links":{"self":[{"href":"https:\/\/modalmore.com\/es\/wp-json\/wp\/v2\/pages\/1128","targetHints":{"allow":["GET"]}}],"collection":[{"href":"https:\/\/modalmore.com\/es\/wp-json\/wp\/v2\/pages"}],"about":[{"href":"https:\/\/modalmore.com\/es\/wp-json\/wp\/v2\/types\/page"}],"author":[{"embeddable":true,"href":"https:\/\/modalmore.com\/es\/wp-json\/wp\/v2\/users\/1"}],"replies":[{"embeddable":true,"href":"https:\/\/modalmore.com\/es\/wp-json\/wp\/v2\/comments?post=1128"}],"version-history":[{"count":5,"href":"https:\/\/modalmore.com\/es\/wp-json\/wp\/v2\/pages\/1128\/revisions"}],"predecessor-version":[{"id":1659,"href":"https:\/\/modalmore.com\/es\/wp-json\/wp\/v2\/pages\/1128\/revisions\/1659"}],"wp:attachment":[{"href":"https:\/\/modalmore.com\/es\/wp-json\/wp\/v2\/media?parent=1128"}],"curies":[{"name":"wp","href":"https:\/\/api.w.org\/{rel}","templated":true}]}}