{"id":1344,"date":"2025-04-29T17:54:45","date_gmt":"2025-04-29T17:54:45","guid":{"rendered":"https:\/\/modalmore.com\/a-more\/"},"modified":"2025-08-27T17:00:34","modified_gmt":"2025-08-27T17:00:34","slug":"more","status":"publish","type":"page","link":"https:\/\/modalmore.com\/es\/more\/","title":{"rendered":"Una red internacional m\u00e1s | de agencias de marketing"},"content":{"rendered":"\t\t<div data-elementor-type=\"wp-page\" data-elementor-id=\"1344\" class=\"elementor elementor-1344 elementor-23\" data-elementor-post-type=\"page\">\n\t\t\t\t<div class=\"elementor-element elementor-element-7ead9ec e-flex e-con-boxed e-con e-parent\" data-id=\"7ead9ec\" data-element_type=\"container\" data-e-type=\"container\">\n\t\t\t\t\t<div class=\"e-con-inner\">\n\t\t<div class=\"elementor-element elementor-element-7b80c3c e-con-full e-flex e-con e-child\" data-id=\"7b80c3c\" data-element_type=\"container\" data-e-type=\"container\" data-settings=\"{&quot;background_background&quot;:&quot;classic&quot;}\">\n\t\t\t\t<div class=\"elementor-element elementor-element-28538e5 elementor-widget__width-initial elementor-widget elementor-widget-heading\" data-id=\"28538e5\" data-element_type=\"widget\" data-e-type=\"widget\" data-widget_type=\"heading.default\">\n\t\t\t\t<div class=\"elementor-widget-container\">\n\t\t\t\t\t<h1 class=\"elementor-heading-title elementor-size-default\">La Red de Agencias que\n Siempre Ofrece M\u00e1s<\/h1>\t\t\t\t<\/div>\n\t\t\t\t<\/div>\n\t\t\t\t<div class=\"elementor-element elementor-element-ce4cfd3 elementor-widget__width-initial elementor-widget elementor-widget-text-editor\" data-id=\"ce4cfd3\" data-element_type=\"widget\" data-e-type=\"widget\" data-widget_type=\"text-editor.default\">\n\t\t\t\t<div class=\"elementor-widget-container\">\n\t\t\t\t\t\t\t\t\t<p>M\u00e1s Agencias, una red din\u00e1mica que combina lo mejor de lo digital y las relaciones p\u00fablicas para ofrecer un enfoque hol\u00edstico de la construcci\u00f3n de marca.<\/p>\t\t\t\t\t\t\t\t<\/div>\n\t\t\t\t<\/div>\n\t\t\t\t<div class=\"elementor-element elementor-element-ed37401 elementor-align-center elementor-widget elementor-widget-button\" data-id=\"ed37401\" data-element_type=\"widget\" data-e-type=\"widget\" data-widget_type=\"button.default\">\n\t\t\t\t<div class=\"elementor-widget-container\">\n\t\t\t\t\t\t\t\t\t<div class=\"elementor-button-wrapper\">\n\t\t\t\t\t<a class=\"elementor-button elementor-button-link elementor-size-sm elementor-animation-grow\" href=\"https:\/\/modalmore.com\/es\/portfolio\/\">\n\t\t\t\t\t\t<span class=\"elementor-button-content-wrapper\">\n\t\t\t\t\t\t\t\t\t<span class=\"elementor-button-text\">Descubre nuestros proyectos<\/span>\n\t\t\t\t\t<\/span>\n\t\t\t\t\t<\/a>\n\t\t\t\t<\/div>\n\t\t\t\t\t\t\t\t<\/div>\n\t\t\t\t<\/div>\n\t\t\t\t<\/div>\n\t\t\t\t\t<\/div>\n\t\t\t\t<\/div>\n\t\t<div class=\"elementor-element elementor-element-171ed2e e-flex e-con-boxed e-con e-parent\" data-id=\"171ed2e\" data-element_type=\"container\" data-e-type=\"container\">\n\t\t\t\t\t<div class=\"e-con-inner\">\n\t\t<div class=\"elementor-element elementor-element-d3b5569 e-con-full e-flex e-con e-child\" data-id=\"d3b5569\" data-element_type=\"container\" data-e-type=\"container\">\n\t\t\t\t<div class=\"elementor-element elementor-element-ff59607 elementor-widget elementor-widget-heading\" data-id=\"ff59607\" data-element_type=\"widget\" data-e-type=\"widget\" data-widget_type=\"heading.default\">\n\t\t\t\t<div class=\"elementor-widget-container\">\n\t\t\t\t\t<h2 class=\"elementor-heading-title elementor-size-default\">M\u00e1s impacto, m\u00e1s resultados, m\u00e1s colaboraci\u00f3n<\/h2>\t\t\t\t<\/div>\n\t\t\t\t<\/div>\n\t\t\t\t<div class=\"elementor-element elementor-element-f3f89fb elementor-widget elementor-widget-text-editor\" data-id=\"f3f89fb\" data-element_type=\"widget\" data-e-type=\"widget\" data-widget_type=\"text-editor.default\">\n\t\t\t\t<div class=\"elementor-widget-container\">\n\t\t\t\t\t\t\t\t\t<p>Trabaja con tu agencia local, que ser\u00e1 el enlace estrat\u00e9gico con la agencia que har\u00e1 operativa tu presencia en los mercados extranjeros.<\/p>\t\t\t\t\t\t\t\t<\/div>\n\t\t\t\t<\/div>\n\t\t\t\t<\/div>\n\t\t<div class=\"elementor-element elementor-element-24057a5 e-con-full e-flex elementor-invisible e-con e-child\" data-id=\"24057a5\" data-element_type=\"container\" data-e-type=\"container\" data-settings=\"{&quot;animation&quot;:&quot;slideInRight&quot;}\">\n\t\t\t\t<div class=\"elementor-element elementor-element-1db2db9 elementor-widget elementor-widget-image\" data-id=\"1db2db9\" data-element_type=\"widget\" data-e-type=\"widget\" data-widget_type=\"image.default\">\n\t\t\t\t<div class=\"elementor-widget-container\">\n\t\t\t\t\t\t\t\t\t\t\t\t\t\t\t<img fetchpriority=\"high\" decoding=\"async\" width=\"588\" height=\"441\" src=\"https:\/\/modalmore.com\/wp-content\/uploads\/2025\/05\/Picture-\u2192-rsw_1280h_875-7.png\" class=\"attachment-full size-full wp-image-1129\" alt=\"\" srcset=\"https:\/\/modalmore.com\/wp-content\/uploads\/2025\/05\/Picture-\u2192-rsw_1280h_875-7.png 588w, https:\/\/modalmore.com\/wp-content\/uploads\/2025\/05\/Picture-\u2192-rsw_1280h_875-7-300x225.png 300w\" sizes=\"(max-width: 588px) 100vw, 588px\" \/>\t\t\t\t\t\t\t\t\t\t\t\t\t\t\t<\/div>\n\t\t\t\t<\/div>\n\t\t\t\t<\/div>\n\t\t\t\t\t<\/div>\n\t\t\t\t<\/div>\n\t\t<div class=\"elementor-element elementor-element-f476826 e-flex e-con-boxed e-con e-parent\" data-id=\"f476826\" data-element_type=\"container\" data-e-type=\"container\">\n\t\t\t\t\t<div class=\"e-con-inner\">\n\t\t<div class=\"elementor-element elementor-element-17efe48 e-con-full e-flex elementor-invisible e-con e-child\" data-id=\"17efe48\" data-element_type=\"container\" data-e-type=\"container\" data-settings=\"{&quot;animation&quot;:&quot;slideInLeft&quot;}\">\n\t\t\t\t<div class=\"elementor-element elementor-element-229f3d8 elementor-widget elementor-widget-image\" data-id=\"229f3d8\" data-element_type=\"widget\" data-e-type=\"widget\" data-widget_type=\"image.default\">\n\t\t\t\t<div class=\"elementor-widget-container\">\n\t\t\t\t\t\t\t\t\t\t\t\t\t\t\t<img decoding=\"async\" width=\"588\" height=\"441\" src=\"https:\/\/modalmore.com\/wp-content\/uploads\/2025\/05\/Picture-\u2192-rsw_1280h_875-8.png\" class=\"attachment-full size-full wp-image-1130\" alt=\"\" srcset=\"https:\/\/modalmore.com\/wp-content\/uploads\/2025\/05\/Picture-\u2192-rsw_1280h_875-8.png 588w, https:\/\/modalmore.com\/wp-content\/uploads\/2025\/05\/Picture-\u2192-rsw_1280h_875-8-300x225.png 300w\" sizes=\"(max-width: 588px) 100vw, 588px\" \/>\t\t\t\t\t\t\t\t\t\t\t\t\t\t\t<\/div>\n\t\t\t\t<\/div>\n\t\t\t\t<\/div>\n\t\t<div class=\"elementor-element elementor-element-657e14a e-con-full e-flex e-con e-child\" data-id=\"657e14a\" data-element_type=\"container\" data-e-type=\"container\">\n\t\t\t\t<div class=\"elementor-element elementor-element-ceb1071 elementor-widget elementor-widget-heading\" data-id=\"ceb1071\" data-element_type=\"widget\" data-e-type=\"widget\" data-widget_type=\"heading.default\">\n\t\t\t\t<div class=\"elementor-widget-container\">\n\t\t\t\t\t<h2 class=\"elementor-heading-title elementor-size-default\">Miembros orgullosos de la Red MoreAgencies<\/h2>\t\t\t\t<\/div>\n\t\t\t\t<\/div>\n\t\t\t\t<div class=\"elementor-element elementor-element-5d6665e elementor-widget elementor-widget-text-editor\" data-id=\"5d6665e\" data-element_type=\"widget\" data-e-type=\"widget\" data-widget_type=\"text-editor.default\">\n\t\t\t\t<div class=\"elementor-widget-container\">\n\t\t\t\t\t\t\t\t\t<p>Como parte de la red More Agencies, colaboramos con los mejores especialistas digitales y en relaciones p\u00fablicas para ofrecer soluciones completas de construcci\u00f3n de marca.<\/p>\t\t\t\t\t\t\t\t<\/div>\n\t\t\t\t<\/div>\n\t\t\t\t<div class=\"elementor-element elementor-element-0210492 elementor-widget elementor-widget-button\" data-id=\"0210492\" data-element_type=\"widget\" data-e-type=\"widget\" data-widget_type=\"button.default\">\n\t\t\t\t<div class=\"elementor-widget-container\">\n\t\t\t\t\t\t\t\t\t<div class=\"elementor-button-wrapper\">\n\t\t\t\t\t<a class=\"elementor-button elementor-button-link elementor-size-sm elementor-animation-grow\" href=\"https:\/\/modalmore.com\/es\/more\/\">\n\t\t\t\t\t\t<span class=\"elementor-button-content-wrapper\">\n\t\t\t\t\t\t\t\t\t<span class=\"elementor-button-text\">M\u00e1s informaci\u00f3n sobre m\u00e1s agencias<\/span>\n\t\t\t\t\t<\/span>\n\t\t\t\t\t<\/a>\n\t\t\t\t<\/div>\n\t\t\t\t\t\t\t\t<\/div>\n\t\t\t\t<\/div>\n\t\t\t\t<\/div>\n\t\t\t\t\t<\/div>\n\t\t\t\t<\/div>\n\t\t\t\t<\/div>\n\t\t","protected":false},"excerpt":{"rendered":"<p>Modal forma parte de More, una red global de agencias creativas. Juntos, llevamos las marcas m\u00e1s lejos con soluciones integradas en m\u00faltiples mercados. <\/p>\n","protected":false},"author":1,"featured_media":0,"parent":0,"menu_order":0,"comment_status":"closed","ping_status":"closed","template":"elementor_header_footer","meta":{"_acf_changed":false,"_modal_schema_jsonld":"{\n  \"@context\": \"https:\/\/schema.org\",\n  \"@graph\": [\n    {\n      \"@type\": \"Organization\",\n      \"@id\": \"https:\/\/modalmore.com\/#organization\",\n      \"name\": \"Modal&More\",\n      \"url\": \"https:\/\/modalmore.com\/\",\n      \"logo\": {\n        \"@type\": \"ImageObject\",\n        \"@id\": \"https:\/\/modalmore.com\/#logo\",\n        \"url\": \"https:\/\/modalmore.com\/path-to-logo.png\"\n      },\n      \"description\": \"Modal&More es una agencia especializada en SEO, copywriting, marketing digital y estrategias de crecimiento online.\",\n      \"sameAs\": [\"https:\/\/www.linkedin.com\/company\/modal-more\"],\n      \"contactPoint\": {\n        \"@type\": \"ContactPoint\",\n        \"contactType\": \"atenci\u00f3n al cliente\",\n        \"telephone\": \"+351223750031\",\n        \"email\": \"letstalk@modalmore.com\",\n        \"areaServed\": \"PT\",\n        \"availableLanguage\": [\"Portugu\u00e9s\",\"Ingl\u00e9s\",\"Espa\u00f1ol\",\"Coreano\"],\n        \"hoursAvailable\": {\n          \"@type\": \"OpeningHoursSpecification\",\n          \"dayOfWeek\": [\"Monday\",\"Tuesday\",\"Wednesday\",\"Thursday\",\"Friday\"],\n          \"opens\": \"09:30\",\n          \"closes\": \"18:30\"\n        }\n      }\n    },\n    {\n      \"@type\": \"WebSite\",\n      \"@id\": \"https:\/\/modalmore.com\/#website\",\n      \"url\": \"https:\/\/modalmore.com\/\",\n      \"name\": \"Modal&More\",\n      \"publisher\": {\"@id\": \"https:\/\/modalmore.com\/#organization\"},\n      \"inLanguage\": \"es-ES\",\n      \"potentialAction\": {\n        \"@type\": \"SearchAction\",\n        \"target\": \"https:\/\/modalmore.com\/?s={search_term_string}\",\n        \"query-input\": \"required name=search_term_string\"\n      }\n    },\n    {\n      \"@type\": \"WebPage\",\n      \"@id\": \"https:\/\/modalmore.com\/a-more\/#webpage\",\n      \"url\": \"https:\/\/modalmore.com\/a-more\/\",\n      \"name\": \"A More | Modal&More\",\n      \"description\": \"Conozca Modal&More: agencia de marketing digital especializada en SEO, copywriting y estrategias de crecimiento online.\",\n      \"isPartOf\": {\"@id\": \"https:\/\/modalmore.com\/#website\"},\n      \"breadcrumb\": {\"@id\": \"https:\/\/modalmore.com\/a-more\/#breadcrumb\"},\n      \"inLanguage\": \"es-ES\",\n      \"datePublished\": \"2024-01-01\",\n      \"dateModified\": \"2026-01-01\",\n      \"potentialAction\": {\n        \"@type\": \"CommunicateAction\",\n        \"name\": \"Solicitar Presupuesto\",\n        \"target\": {\"@type\": \"EntryPoint\",\"urlTemplate\":\"https:\/\/modalmore.com\/contacto\/\"}\n      }\n    },\n    {\n      \"@type\": \"Service\",\n      \"@id\": \"https:\/\/modalmore.com\/a-more\/#services\",\n      \"name\": \"Servicios de Modal&More\",\n      \"description\": \"Ofrecemos servicios de SEO, copywriting, marketing digital, creaci\u00f3n de sitios web y estrategias de crecimiento online para empresas.\",\n      \"provider\": {\"@id\": \"https:\/\/modalmore.com\/#organization\"},\n      \"areaServed\": {\"@type\": \"Place\",\"name\": \"Worldwide\"},\n      \"serviceType\": [\"SEO\",\"Copywriting\",\"Marketing Digital\",\"Creaci\u00f3n de Sitios Web\",\"Estrategias de Crecimiento Online\"],\n      \"offers\": {\n        \"@type\": \"Offer\",\n        \"name\": \"Solicitar Presupuesto\",\n        \"url\": \"https:\/\/modalmore.com\/contacto\/\",\n        \"availability\": \"https:\/\/schema.org\/InStock\",\n        \"priceCurrency\": \"EUR\"\n      }\n    },\n    {\n      \"@type\": \"FAQPage\",\n      \"@id\": \"https:\/\/modalmore.com\/a-more\/#faq\",\n      \"mainEntity\": [\n        {\n          \"@type\": \"Question\",\n          \"name\": \"\u00bfQu\u00e9 es Modal&More?\",\n          \"acceptedAnswer\": {\"@type\": \"Answer\",\"text\":\"Modal&More es una agencia de marketing digital especializada en SEO, copywriting y estrategias de crecimiento online.\"}\n        },\n        {\n          \"@type\": \"Question\",\n          \"name\": \"\u00bfQu\u00e9 servicios ofrece Modal&More?\",\n          \"acceptedAnswer\": {\"@type\": \"Answer\",\"text\":\"Ofrecemos servicios de SEO, copywriting, marketing digital, creaci\u00f3n de sitios web y estrategias de crecimiento online.\"}\n        },\n        {\n          \"@type\": \"Question\",\n          \"name\": \"\u00bfEn qu\u00e9 idiomas atienden?\",\n          \"acceptedAnswer\": {\"@type\": \"Answer\",\"text\":\"Atendemos en Portugu\u00e9s, Ingl\u00e9s, Espa\u00f1ol y Coreano.\"}\n        },\n        {\n          \"@type\": \"Question\",\n          \"name\": \"\u00bfCu\u00e1l es el horario de atenci\u00f3n?\",\n          \"acceptedAnswer\": {\"@type\": \"Answer\",\"text\":\"Estamos disponibles de lunes a viernes, de 09:30 a 18:30, horario de Portugal.\"}\n        },\n        {\n          \"@type\": \"Question\",\n          \"name\": \"\u00bfC\u00f3mo puedo solicitar un presupuesto?\",\n          \"acceptedAnswer\": {\"@type\": \"Answer\",\"text\":\"Puede solicitar un presupuesto a trav\u00e9s de nuestro formulario de contacto en https:\/\/modalmore.com\/contacto\/.\"}\n        }\n      ]\n    },\n    {\n      \"@type\": \"BreadcrumbList\",\n      \"@id\": \"https:\/\/modalmore.com\/a-more\/#breadcrumb\",\n      \"itemListElement\": [\n        {\"@type\":\"ListItem\",\"position\":1,\"name\":\"Inicio\",\"item\":\"https:\/\/modalmore.com\/\"},\n        {\"@type\":\"ListItem\",\"position\":2,\"name\":\"A More\",\"item\":\"https:\/\/modalmore.com\/a-more\/\"}\n      ]\n    }\n  ]\n}","footnotes":""},"class_list":["post-1344","page","type-page","status-publish","hentry"],"acf":[],"yoast_head":"<!-- This site is optimized with the Yoast SEO plugin v27.2 - https:\/\/yoast.com\/product\/yoast-seo-wordpress\/ -->\n<title>Una red internacional m\u00e1s | de agencias de marketing<\/title>\n<meta name=\"description\" content=\"Modal forma parte de More, una red global de agencias creativas. Juntos, llevamos las marcas m\u00e1s lejos con soluciones integradas en m\u00faltiples mercados.\" \/>\n<meta name=\"robots\" content=\"index, follow, max-snippet:-1, max-image-preview:large, max-video-preview:-1\" \/>\n<link rel=\"canonical\" href=\"https:\/\/modalmore.com\/es\/more\/\" \/>\n<meta property=\"og:locale\" content=\"es_ES\" \/>\n<meta property=\"og:type\" content=\"article\" \/>\n<meta property=\"og:title\" content=\"Una red internacional m\u00e1s | de agencias de marketing\" \/>\n<meta property=\"og:description\" content=\"Modal forma parte de More, una red global de agencias creativas. Juntos, llevamos las marcas m\u00e1s lejos con soluciones integradas en m\u00faltiples mercados.\" \/>\n<meta property=\"og:url\" content=\"https:\/\/modalmore.com\/es\/more\/\" \/>\n<meta property=\"og:site_name\" content=\"Modal&amp;More\" \/>\n<meta property=\"article:publisher\" content=\"https:\/\/www.facebook.com\/ModalCreativity\" \/>\n<meta property=\"article:modified_time\" content=\"2025-08-27T17:00:34+00:00\" \/>\n<meta name=\"twitter:card\" content=\"summary_large_image\" \/>\n<meta name=\"twitter:title\" content=\"Una red internacional m\u00e1s | de agencias de marketing\" \/>\n<meta name=\"twitter:description\" content=\"Modal forma parte de More, una red global de agencias creativas. Juntos, llevamos las marcas m\u00e1s lejos con soluciones integradas en m\u00faltiples mercados.\" \/>\n<meta name=\"twitter:label1\" content=\"Tiempo de lectura\" \/>\n\t<meta name=\"twitter:data1\" content=\"1 minuto\" \/>\n<script type=\"application\/ld+json\" class=\"yoast-schema-graph\">{\"@context\":\"https:\/\/schema.org\",\"@graph\":[{\"@type\":\"WebPage\",\"@id\":\"https:\/\/modalmore.com\/es\/more\/\",\"url\":\"https:\/\/modalmore.com\/es\/more\/\",\"name\":\"Una red internacional m\u00e1s | de agencias de marketing\",\"isPartOf\":{\"@id\":\"https:\/\/modalmore.com\/es\/#website\"},\"datePublished\":\"2025-04-29T17:54:45+00:00\",\"dateModified\":\"2025-08-27T17:00:34+00:00\",\"description\":\"Modal forma parte de More, una red global de agencias creativas. Juntos, llevamos las marcas m\u00e1s lejos con soluciones integradas en m\u00faltiples mercados.\",\"breadcrumb\":{\"@id\":\"https:\/\/modalmore.com\/es\/more\/#breadcrumb\"},\"inLanguage\":\"es\",\"potentialAction\":[{\"@type\":\"ReadAction\",\"target\":[\"https:\/\/modalmore.com\/es\/more\/\"]}]},{\"@type\":\"BreadcrumbList\",\"@id\":\"https:\/\/modalmore.com\/es\/more\/#breadcrumb\",\"itemListElement\":[{\"@type\":\"ListItem\",\"position\":1,\"name\":\"In\u00edcio\",\"item\":\"https:\/\/modalmore.com\/es\/\"},{\"@type\":\"ListItem\",\"position\":2,\"name\":\"Una red internacional m\u00e1s | de agencias de marketing\"}]},{\"@type\":\"WebSite\",\"@id\":\"https:\/\/modalmore.com\/es\/#website\",\"url\":\"https:\/\/modalmore.com\/es\/\",\"name\":\"Modal&More\",\"description\":\"\",\"publisher\":{\"@id\":\"https:\/\/modalmore.com\/es\/#organization\"},\"potentialAction\":[{\"@type\":\"SearchAction\",\"target\":{\"@type\":\"EntryPoint\",\"urlTemplate\":\"https:\/\/modalmore.com\/es\/?s={search_term_string}\"},\"query-input\":{\"@type\":\"PropertyValueSpecification\",\"valueRequired\":true,\"valueName\":\"search_term_string\"}}],\"inLanguage\":\"es\"},{\"@type\":\"Organization\",\"@id\":\"https:\/\/modalmore.com\/es\/#organization\",\"name\":\"Modal&More\",\"url\":\"https:\/\/modalmore.com\/es\/\",\"logo\":{\"@type\":\"ImageObject\",\"inLanguage\":\"es\",\"@id\":\"https:\/\/modalmore.com\/es\/#\/schema\/logo\/image\/\",\"url\":\"https:\/\/modalmore.com\/wp-content\/uploads\/2025\/04\/ModalMore-Logotipo-Branco.png\",\"contentUrl\":\"https:\/\/modalmore.com\/wp-content\/uploads\/2025\/04\/ModalMore-Logotipo-Branco.png\",\"width\":122,\"height\":12,\"caption\":\"Modal&More\"},\"image\":{\"@id\":\"https:\/\/modalmore.com\/es\/#\/schema\/logo\/image\/\"},\"sameAs\":[\"https:\/\/www.facebook.com\/ModalCreativity\",\"https:\/\/www.instagram.com\/modalandmore\/\",\"https:\/\/www.linkedin.com\/company\/modal-more\/\"]}]}<\/script>\n<!-- \/ Yoast SEO plugin. -->","yoast_head_json":{"title":"Una red internacional m\u00e1s | de agencias de marketing","description":"Modal forma parte de More, una red global de agencias creativas. Juntos, llevamos las marcas m\u00e1s lejos con soluciones integradas en m\u00faltiples mercados.","robots":{"index":"index","follow":"follow","max-snippet":"max-snippet:-1","max-image-preview":"max-image-preview:large","max-video-preview":"max-video-preview:-1"},"canonical":"https:\/\/modalmore.com\/es\/more\/","og_locale":"es_ES","og_type":"article","og_title":"Una red internacional m\u00e1s | de agencias de marketing","og_description":"Modal forma parte de More, una red global de agencias creativas. Juntos, llevamos las marcas m\u00e1s lejos con soluciones integradas en m\u00faltiples mercados.","og_url":"https:\/\/modalmore.com\/es\/more\/","og_site_name":"Modal&amp;More","article_publisher":"https:\/\/www.facebook.com\/ModalCreativity","article_modified_time":"2025-08-27T17:00:34+00:00","twitter_card":"summary_large_image","twitter_title":"Una red internacional m\u00e1s | de agencias de marketing","twitter_description":"Modal forma parte de More, una red global de agencias creativas. Juntos, llevamos las marcas m\u00e1s lejos con soluciones integradas en m\u00faltiples mercados.","twitter_misc":{"Tiempo de lectura":"1 minuto"},"schema":{"@context":"https:\/\/schema.org","@graph":[{"@type":"WebPage","@id":"https:\/\/modalmore.com\/es\/more\/","url":"https:\/\/modalmore.com\/es\/more\/","name":"Una red internacional m\u00e1s | de agencias de marketing","isPartOf":{"@id":"https:\/\/modalmore.com\/es\/#website"},"datePublished":"2025-04-29T17:54:45+00:00","dateModified":"2025-08-27T17:00:34+00:00","description":"Modal forma parte de More, una red global de agencias creativas. Juntos, llevamos las marcas m\u00e1s lejos con soluciones integradas en m\u00faltiples mercados.","breadcrumb":{"@id":"https:\/\/modalmore.com\/es\/more\/#breadcrumb"},"inLanguage":"es","potentialAction":[{"@type":"ReadAction","target":["https:\/\/modalmore.com\/es\/more\/"]}]},{"@type":"BreadcrumbList","@id":"https:\/\/modalmore.com\/es\/more\/#breadcrumb","itemListElement":[{"@type":"ListItem","position":1,"name":"In\u00edcio","item":"https:\/\/modalmore.com\/es\/"},{"@type":"ListItem","position":2,"name":"Una red internacional m\u00e1s | de agencias de marketing"}]},{"@type":"WebSite","@id":"https:\/\/modalmore.com\/es\/#website","url":"https:\/\/modalmore.com\/es\/","name":"Modal&More","description":"","publisher":{"@id":"https:\/\/modalmore.com\/es\/#organization"},"potentialAction":[{"@type":"SearchAction","target":{"@type":"EntryPoint","urlTemplate":"https:\/\/modalmore.com\/es\/?s={search_term_string}"},"query-input":{"@type":"PropertyValueSpecification","valueRequired":true,"valueName":"search_term_string"}}],"inLanguage":"es"},{"@type":"Organization","@id":"https:\/\/modalmore.com\/es\/#organization","name":"Modal&More","url":"https:\/\/modalmore.com\/es\/","logo":{"@type":"ImageObject","inLanguage":"es","@id":"https:\/\/modalmore.com\/es\/#\/schema\/logo\/image\/","url":"https:\/\/modalmore.com\/wp-content\/uploads\/2025\/04\/ModalMore-Logotipo-Branco.png","contentUrl":"https:\/\/modalmore.com\/wp-content\/uploads\/2025\/04\/ModalMore-Logotipo-Branco.png","width":122,"height":12,"caption":"Modal&More"},"image":{"@id":"https:\/\/modalmore.com\/es\/#\/schema\/logo\/image\/"},"sameAs":["https:\/\/www.facebook.com\/ModalCreativity","https:\/\/www.instagram.com\/modalandmore\/","https:\/\/www.linkedin.com\/company\/modal-more\/"]}]}},"_links":{"self":[{"href":"https:\/\/modalmore.com\/es\/wp-json\/wp\/v2\/pages\/1344","targetHints":{"allow":["GET"]}}],"collection":[{"href":"https:\/\/modalmore.com\/es\/wp-json\/wp\/v2\/pages"}],"about":[{"href":"https:\/\/modalmore.com\/es\/wp-json\/wp\/v2\/types\/page"}],"author":[{"embeddable":true,"href":"https:\/\/modalmore.com\/es\/wp-json\/wp\/v2\/users\/1"}],"replies":[{"embeddable":true,"href":"https:\/\/modalmore.com\/es\/wp-json\/wp\/v2\/comments?post=1344"}],"version-history":[{"count":4,"href":"https:\/\/modalmore.com\/es\/wp-json\/wp\/v2\/pages\/1344\/revisions"}],"predecessor-version":[{"id":1574,"href":"https:\/\/modalmore.com\/es\/wp-json\/wp\/v2\/pages\/1344\/revisions\/1574"}],"wp:attachment":[{"href":"https:\/\/modalmore.com\/es\/wp-json\/wp\/v2\/media?parent=1344"}],"curies":[{"name":"wp","href":"https:\/\/api.w.org\/{rel}","templated":true}]}}